{"id":17,"date":"2022-03-29T16:24:02","date_gmt":"2022-03-29T14:24:02","guid":{"rendered":"http:\/\/jfsr.org\/?page_id=17"},"modified":"2024-10-17T11:53:54","modified_gmt":"2024-10-17T09:53:54","slug":"infos-pratiques","status":"publish","type":"page","link":"https:\/\/jfsr.org\/index.php\/infos-pratiques\/","title":{"rendered":"Infos pratiques"},"content":{"rendered":"\t\t<div data-elementor-type=\"wp-page\" data-elementor-id=\"17\" class=\"elementor elementor-17\">\n\t\t\t\t\t\t<section class=\"elementor-section elementor-top-section elementor-element elementor-element-284ce20 elementor-section-boxed elementor-section-height-default elementor-section-height-default\" data-id=\"284ce20\" data-element_type=\"section\" data-e-type=\"section\">\n\t\t\t\t\t\t<div class=\"elementor-container elementor-column-gap-default\">\n\t\t\t\t\t<div class=\"elementor-column elementor-col-50 elementor-top-column elementor-element elementor-element-57625bc\" data-id=\"57625bc\" data-element_type=\"column\" data-e-type=\"column\">\n\t\t\t<div class=\"elementor-widget-wrap elementor-element-populated\">\n\t\t\t\t\t\t<div class=\"elementor-element elementor-element-a596c5f elementor-widget elementor-widget-heading\" data-id=\"a596c5f\" data-element_type=\"widget\" data-e-type=\"widget\" data-widget_type=\"heading.default\">\n\t\t\t\t<div class=\"elementor-widget-container\">\n\t\t\t\t\t<h2 class=\"elementor-heading-title elementor-size-default\">Infos g\u00e9n\u00e9rales<\/h2>\t\t\t\t<\/div>\n\t\t\t\t<\/div>\n\t\t\t\t<div class=\"elementor-element elementor-element-eee463f elementor-widget elementor-widget-text-editor\" data-id=\"eee463f\" data-element_type=\"widget\" data-e-type=\"widget\" data-widget_type=\"text-editor.default\">\n\t\t\t\t<div class=\"elementor-widget-container\">\n\t\t\t\t\t\t\t\t\t<p><strong>Mercredi 16 &amp; jeudi 17 octobre 2024<\/strong><br>&#8211; De 8h30 \u00e0 17h00<\/p>\n<p><strong>Lieu de l&rsquo;\u00e9v\u00e8nement: Amphith\u00e9\u00e2tre Bienven\u00fce<br>Universit\u00e9 Gustave Eiffel &#8211; Cit\u00e9 Descartes<\/strong><br>Adresse : 14-20 Boulevard Newton, 77420 Champs-sur-Marne<\/p>\t\t\t\t\t\t\t\t<\/div>\n\t\t\t\t<\/div>\n\t\t\t\t<div class=\"elementor-element elementor-element-db29f1c elementor-widget elementor-widget-heading\" data-id=\"db29f1c\" data-element_type=\"widget\" data-e-type=\"widget\" data-widget_type=\"heading.default\">\n\t\t\t\t<div class=\"elementor-widget-container\">\n\t\t\t\t\t<h2 class=\"elementor-heading-title elementor-size-default\">H\u00e9bergement<\/h2>\t\t\t\t<\/div>\n\t\t\t\t<\/div>\n\t\t\t\t<div class=\"elementor-element elementor-element-db6203d elementor-widget elementor-widget-text-editor\" data-id=\"db6203d\" data-element_type=\"widget\" data-e-type=\"widget\" data-widget_type=\"text-editor.default\">\n\t\t\t\t<div class=\"elementor-widget-container\">\n\t\t\t\t\t\t\t\t\t<p><strong><a href=\"https:\/\/all.accor.com\/lien_externe.svlt?goto=fiche_hotel&amp;code_hotel=B1B8&amp;merchantid=seo-maps-FR-B1B8&amp;sourceid=aw-cen&amp;utm_medium=seo%20maps&amp;utm_source=google%20Maps&amp;utm_campaign=seo%20maps\">Ibis budget Marne-la-Vall\u00e9e Noisy-le-Grand<\/a><br \/><\/strong>9 Rue de l&rsquo;Universit\u00e9, 93160 Noisy-le-Grand<strong><br \/><\/strong>01 43 05 31 76<strong><br \/><\/strong><\/p><p><strong><a href=\"https:\/\/all.accor.com\/lien_externe.svlt?goto=fiche_hotel&amp;code_hotel=1414&amp;merchantid=seo-maps-FR-1414&amp;sourceid=aw-cen&amp;utm_medium=seo+maps&amp;utm_source=google+Maps&amp;utm_campaign=seo+maps&amp;y_source=1_MTUzNjIwMjYtNzE1LWxvY2F0aW9uLndlYnNpdGU%3D\" target=\"_blank\" rel=\"noopener\">Ibis Marne-la-Vall\u00e9e Champs<\/a><\/strong><br \/>Cite Descartes, 8 Bd Newton, 77420 Champs-sur-Marne<br \/>t\u00e9l\u00e9phone :\u00a001 64 68 00 83<\/p>\t\t\t\t\t\t\t\t<\/div>\n\t\t\t\t<\/div>\n\t\t\t\t\t<\/div>\n\t\t<\/div>\n\t\t\t\t<div class=\"elementor-column elementor-col-50 elementor-top-column elementor-element elementor-element-c095d57\" data-id=\"c095d57\" data-element_type=\"column\" data-e-type=\"column\">\n\t\t\t<div class=\"elementor-widget-wrap elementor-element-populated\">\n\t\t\t\t\t\t<div class=\"elementor-element elementor-element-71281a9 elementor-widget elementor-widget-heading\" data-id=\"71281a9\" data-element_type=\"widget\" data-e-type=\"widget\" data-widget_type=\"heading.default\">\n\t\t\t\t<div class=\"elementor-widget-container\">\n\t\t\t\t\t<h2 class=\"elementor-heading-title elementor-size-default\">Se rendre \u00e0 l'\u00e9v\u00e8nement<\/h2>\t\t\t\t<\/div>\n\t\t\t\t<\/div>\n\t\t\t\t<div class=\"elementor-element elementor-element-f1690ac elementor-widget elementor-widget-text-editor\" data-id=\"f1690ac\" data-element_type=\"widget\" data-e-type=\"widget\" data-widget_type=\"text-editor.default\">\n\t\t\t\t<div class=\"elementor-widget-container\">\n\t\t\t\t\t\t\t\t\t<p><strong>RER A, station :<\/strong> Noisy-Champs, sortie 3 &#8211; Cit\u00e9 Descartes<br \/><br \/><strong>Bus :<\/strong> Lignes 100, 212, 213 et 312, arr\u00eat Crous<br \/><br \/><strong>En voiture :<\/strong><br \/>Depuis Paris : Autoroute A4 (direction Metz-Nancy), sortie n\u00b010 Champs sur Marne \u2013 Cit\u00e9 Descartes, aller \u00e0 gauche (3\u00e8me sortie au rond-point) direction cit\u00e9 Descartes (RN370).<br \/>Vers Paris : Autoroute A4 (direction Paris), sortie n\u00b010 Champs-sur-Marne, puis 1\u00e8re \u00e0 droite direction Cit\u00e9 Descartes (RN370).<\/p>\t\t\t\t\t\t\t\t<\/div>\n\t\t\t\t<\/div>\n\t\t\t\t\t<\/div>\n\t\t<\/div>\n\t\t\t\t\t<\/div>\n\t\t<\/section>\n\t\t\t\t<section class=\"elementor-section elementor-top-section elementor-element elementor-element-d2170f6 elementor-section-boxed elementor-section-height-default elementor-section-height-default\" data-id=\"d2170f6\" data-element_type=\"section\" data-e-type=\"section\">\n\t\t\t\t\t\t<div class=\"elementor-container elementor-column-gap-default\">\n\t\t\t\t\t<div class=\"elementor-column elementor-col-50 elementor-top-column elementor-element elementor-element-5f8d646\" data-id=\"5f8d646\" data-element_type=\"column\" data-e-type=\"column\">\n\t\t\t<div class=\"elementor-widget-wrap elementor-element-populated\">\n\t\t\t\t\t\t<div class=\"elementor-element elementor-element-29af88f elementor-widget elementor-widget-image\" data-id=\"29af88f\" data-element_type=\"widget\" data-e-type=\"widget\" data-widget_type=\"image.default\">\n\t\t\t\t<div class=\"elementor-widget-container\">\n\t\t\t\t\t\t\t\t\t\t\t\t\t\t\t<img fetchpriority=\"high\" decoding=\"async\" width=\"300\" height=\"250\" src=\"https:\/\/jfsr.org\/wp-content\/uploads\/2022\/05\/pictoGoogleMaps.jpg\" class=\"attachment-large size-large wp-image-748\" alt=\"\" \/>\t\t\t\t\t\t\t\t\t\t\t\t\t\t\t<\/div>\n\t\t\t\t<\/div>\n\t\t\t\t\t<\/div>\n\t\t<\/div>\n\t\t\t\t<div class=\"elementor-column elementor-col-50 elementor-top-column elementor-element elementor-element-02559d1\" data-id=\"02559d1\" data-element_type=\"column\" data-e-type=\"column\">\n\t\t\t<div class=\"elementor-widget-wrap elementor-element-populated\">\n\t\t\t\t\t\t<div class=\"elementor-element elementor-element-089a736 elementor-widget elementor-widget-text-editor\" data-id=\"089a736\" data-element_type=\"widget\" data-e-type=\"widget\" data-widget_type=\"text-editor.default\">\n\t\t\t\t<div class=\"elementor-widget-container\">\n\t\t\t\t\t\t\t\t\t<p>Cliquez sur le pictogramme ci-dessous pour prendre connaissance des lieux JFSR2024<\/p>\t\t\t\t\t\t\t\t<\/div>\n\t\t\t\t<\/div>\n\t\t\t\t\t<\/div>\n\t\t<\/div>\n\t\t\t\t\t<\/div>\n\t\t<\/section>\n\t\t\t\t<section class=\"elementor-section elementor-top-section elementor-element elementor-element-b016753 elementor-section-boxed elementor-section-height-default elementor-section-height-default\" data-id=\"b016753\" data-element_type=\"section\" data-e-type=\"section\">\n\t\t\t\t\t\t<div class=\"elementor-container elementor-column-gap-default\">\n\t\t\t\t\t<div class=\"elementor-column elementor-col-100 elementor-top-column elementor-element elementor-element-3168a83\" data-id=\"3168a83\" data-element_type=\"column\" data-e-type=\"column\">\n\t\t\t<div class=\"elementor-widget-wrap elementor-element-populated\">\n\t\t\t\t\t\t<div class=\"elementor-element elementor-element-85eb8f1 elementor-widget__width-initial elementor-widget elementor-widget-html\" data-id=\"85eb8f1\" data-element_type=\"widget\" data-e-type=\"widget\" data-widget_type=\"html.default\">\n\t\t\t\t<div class=\"elementor-widget-container\">\n\t\t\t\t\t<iframe src=\"https:\/\/www.google.com\/maps\/d\/embed?mid=1StAX5OWs9yZSzJt7yPzmGPymL_6s06M&ehbc=2E312F&noprof=1\" width=\"640\" height=\"480\"><\/iframe>\t\t\t\t<\/div>\n\t\t\t\t<\/div>\n\t\t\t\t\t<\/div>\n\t\t<\/div>\n\t\t\t\t\t<\/div>\n\t\t<\/section>\n\t\t\t\t<section class=\"elementor-section elementor-top-section elementor-element elementor-element-0d521c8 elementor-section-boxed elementor-section-height-default elementor-section-height-default\" data-id=\"0d521c8\" data-element_type=\"section\" data-e-type=\"section\">\n\t\t\t\t\t\t<div class=\"elementor-container elementor-column-gap-default\">\n\t\t\t\t\t<div class=\"elementor-column elementor-col-100 elementor-top-column elementor-element elementor-element-d6ee3b0\" data-id=\"d6ee3b0\" data-element_type=\"column\" data-e-type=\"column\">\n\t\t\t<div class=\"elementor-widget-wrap\">\n\t\t\t\t\t\t\t<\/div>\n\t\t<\/div>\n\t\t\t\t\t<\/div>\n\t\t<\/section>\n\t\t\t\t<\/div>\n\t\t","protected":false},"excerpt":{"rendered":"<p>Infos g\u00e9n\u00e9rales Mercredi 16 &amp; jeudi 17 octobre 2024&#8211; De 8h30 \u00e0 17h00 Lieu de l&rsquo;\u00e9v\u00e8nement: Amphith\u00e9\u00e2tre Bienven\u00fceUniversit\u00e9 Gustave Eiffel &#8211; Cit\u00e9 DescartesAdresse : 14-20 Boulevard Newton, 77420 Champs-sur-Marne H\u00e9bergement Ibis budget Marne-la-Vall\u00e9e Noisy-le-Grand9 Rue de l&rsquo;Universit\u00e9, 93160 Noisy-le-Grand01 43 05 31 76 Ibis Marne-la-Vall\u00e9e ChampsCite Descartes, 8 Bd Newton, 77420 Champs-sur-Marnet\u00e9l\u00e9phone :\u00a001 64 68 [&hellip;]<\/p>\n","protected":false},"author":1,"featured_media":0,"parent":0,"menu_order":0,"comment_status":"closed","ping_status":"closed","template":"elementor_header_footer","meta":{"ocean_post_layout":"","ocean_both_sidebars_style":"","ocean_both_sidebars_content_width":0,"ocean_both_sidebars_sidebars_width":0,"ocean_sidebar":"","ocean_second_sidebar":"","ocean_disable_margins":"enable","ocean_add_body_class":"","ocean_shortcode_before_top_bar":"","ocean_shortcode_after_top_bar":"","ocean_shortcode_before_header":"","ocean_shortcode_after_header":"","ocean_has_shortcode":"","ocean_shortcode_after_title":"","ocean_shortcode_before_footer_widgets":"","ocean_shortcode_after_footer_widgets":"","ocean_shortcode_before_footer_bottom":"","ocean_shortcode_after_footer_bottom":"","ocean_display_top_bar":"default","ocean_display_header":"default","ocean_header_style":"","ocean_center_header_left_menu":"","ocean_custom_header_template":"","ocean_custom_logo":0,"ocean_custom_retina_logo":0,"ocean_custom_logo_max_width":0,"ocean_custom_logo_tablet_max_width":0,"ocean_custom_logo_mobile_max_width":0,"ocean_custom_logo_max_height":0,"ocean_custom_logo_tablet_max_height":0,"ocean_custom_logo_mobile_max_height":0,"ocean_header_custom_menu":"","ocean_menu_typo_font_family":"","ocean_menu_typo_font_subset":"","ocean_menu_typo_font_size":0,"ocean_menu_typo_font_size_tablet":0,"ocean_menu_typo_font_size_mobile":0,"ocean_menu_typo_font_size_unit":"px","ocean_menu_typo_font_weight":"","ocean_menu_typo_font_weight_tablet":"","ocean_menu_typo_font_weight_mobile":"","ocean_menu_typo_transform":"","ocean_menu_typo_transform_tablet":"","ocean_menu_typo_transform_mobile":"","ocean_menu_typo_line_height":0,"ocean_menu_typo_line_height_tablet":0,"ocean_menu_typo_line_height_mobile":0,"ocean_menu_typo_line_height_unit":"","ocean_menu_typo_spacing":0,"ocean_menu_typo_spacing_tablet":0,"ocean_menu_typo_spacing_mobile":0,"ocean_menu_typo_spacing_unit":"","ocean_menu_link_color":"","ocean_menu_link_color_hover":"","ocean_menu_link_color_active":"","ocean_menu_link_background":"","ocean_menu_link_hover_background":"","ocean_menu_link_active_background":"","ocean_menu_social_links_bg":"","ocean_menu_social_hover_links_bg":"","ocean_menu_social_links_color":"","ocean_menu_social_hover_links_color":"","ocean_disable_title":"default","ocean_disable_heading":"default","ocean_post_title":"","ocean_post_subheading":"","ocean_post_title_style":"","ocean_post_title_background_color":"","ocean_post_title_background":0,"ocean_post_title_bg_image_position":"","ocean_post_title_bg_image_attachment":"","ocean_post_title_bg_image_repeat":"","ocean_post_title_bg_image_size":"","ocean_post_title_height":0,"ocean_post_title_bg_overlay":0.5,"ocean_post_title_bg_overlay_color":"","ocean_disable_breadcrumbs":"default","ocean_breadcrumbs_color":"","ocean_breadcrumbs_separator_color":"","ocean_breadcrumbs_links_color":"","ocean_breadcrumbs_links_hover_color":"","ocean_display_footer_widgets":"default","ocean_display_footer_bottom":"default","ocean_custom_footer_template":"","footnotes":""},"class_list":["post-17","page","type-page","status-publish","hentry","entry"],"jetpack_sharing_enabled":true,"_links":{"self":[{"href":"https:\/\/jfsr.org\/index.php\/wp-json\/wp\/v2\/pages\/17","targetHints":{"allow":["GET"]}}],"collection":[{"href":"https:\/\/jfsr.org\/index.php\/wp-json\/wp\/v2\/pages"}],"about":[{"href":"https:\/\/jfsr.org\/index.php\/wp-json\/wp\/v2\/types\/page"}],"author":[{"embeddable":true,"href":"https:\/\/jfsr.org\/index.php\/wp-json\/wp\/v2\/users\/1"}],"replies":[{"embeddable":true,"href":"https:\/\/jfsr.org\/index.php\/wp-json\/wp\/v2\/comments?post=17"}],"version-history":[{"count":186,"href":"https:\/\/jfsr.org\/index.php\/wp-json\/wp\/v2\/pages\/17\/revisions"}],"predecessor-version":[{"id":2178,"href":"https:\/\/jfsr.org\/index.php\/wp-json\/wp\/v2\/pages\/17\/revisions\/2178"}],"wp:attachment":[{"href":"https:\/\/jfsr.org\/index.php\/wp-json\/wp\/v2\/media?parent=17"}],"curies":[{"name":"wp","href":"https:\/\/api.w.org\/{rel}","templated":true}]}}